{"id":2420,"date":"2024-06-01T17:42:30","date_gmt":"2024-06-01T15:42:30","guid":{"rendered":"https:\/\/www.lecotonas.org\/?page_id=2420"},"modified":"2024-10-10T14:20:03","modified_gmt":"2024-10-10T12:20:03","slug":"reservations","status":"publish","type":"page","link":"https:\/\/www.lecotonas.org\/index.php\/reservations\/","title":{"rendered":"R\u00e9servations"},"content":{"rendered":"\t\t<div data-elementor-type=\"wp-page\" data-elementor-id=\"2420\" class=\"elementor elementor-2420\">\n\t\t\t\t\t\t<section class=\"elementor-section elementor-top-section elementor-element elementor-element-058c027 elementor-section-boxed elementor-section-height-default elementor-section-height-default\" data-id=\"058c027\" data-element_type=\"section\" data-e-type=\"section\">\n\t\t\t\t\t\t<div class=\"elementor-container elementor-column-gap-default\">\n\t\t\t\t\t<div class=\"elementor-column elementor-col-100 elementor-top-column elementor-element elementor-element-3a1ee8a\" data-id=\"3a1ee8a\" data-element_type=\"column\" data-e-type=\"column\">\n\t\t\t<div class=\"elementor-widget-wrap elementor-element-populated\">\n\t\t\t\t\t\t<div class=\"elementor-element elementor-element-e865f13 elementor-widget elementor-widget-spacer\" data-id=\"e865f13\" data-element_type=\"widget\" data-e-type=\"widget\" data-widget_type=\"spacer.default\">\n\t\t\t\t<div class=\"elementor-widget-container\">\n\t\t\t\t\t\t\t<div class=\"elementor-spacer\">\n\t\t\t<div class=\"elementor-spacer-inner\"><\/div>\n\t\t<\/div>\n\t\t\t\t\t\t<\/div>\n\t\t\t\t<\/div>\n\t\t\t\t\t<\/div>\n\t\t<\/div>\n\t\t\t\t\t<\/div>\n\t\t<\/section>\n\t\t\t\t<section class=\"elementor-section elementor-top-section elementor-element elementor-element-0267a1b elementor-section-boxed elementor-section-height-default elementor-section-height-default\" data-id=\"0267a1b\" data-element_type=\"section\" data-e-type=\"section\">\n\t\t\t\t\t\t<div class=\"elementor-container elementor-column-gap-default\">\n\t\t\t\t\t<div class=\"elementor-column elementor-col-50 elementor-top-column elementor-element elementor-element-66d6e3b\" data-id=\"66d6e3b\" data-element_type=\"column\" data-e-type=\"column\">\n\t\t\t<div class=\"elementor-widget-wrap elementor-element-populated\">\n\t\t\t\t\t\t<div class=\"elementor-element elementor-element-c20feea elementor-widget elementor-widget-image\" data-id=\"c20feea\" data-element_type=\"widget\" data-e-type=\"widget\" data-widget_type=\"image.default\">\n\t\t\t\t<div class=\"elementor-widget-container\">\n\t\t\t\t\t\t\t\t\t\t\t\t\t\t\t<img decoding=\"async\" width=\"215\" height=\"203\" src=\"https:\/\/www.lecotonas.org\/wp-content\/uploads\/2024\/06\/reservation.png\" class=\"attachment-large size-large wp-image-2436\" alt=\"\" \/>\t\t\t\t\t\t\t\t\t\t\t\t\t\t\t<\/div>\n\t\t\t\t<\/div>\n\t\t\t\t\t<\/div>\n\t\t<\/div>\n\t\t\t\t<div class=\"elementor-column elementor-col-50 elementor-top-column elementor-element elementor-element-fa6422a\" data-id=\"fa6422a\" data-element_type=\"column\" data-e-type=\"column\">\n\t\t\t<div class=\"elementor-widget-wrap elementor-element-populated\">\n\t\t\t\t\t\t<div class=\"elementor-element elementor-element-eef4cb7 elementor-widget elementor-widget-text-editor\" data-id=\"eef4cb7\" data-element_type=\"widget\" data-e-type=\"widget\" data-widget_type=\"text-editor.default\">\n\t\t\t\t<div class=\"elementor-widget-container\">\n\t\t\t\t\t\t\t\t\t<p><span style=\"font-size: 220%; color: #2a2a2a;\">R\u00e9servations<\/span><br \/>POUR VALIDER VOTRE INSCRIPTION<\/p>\t\t\t\t\t\t\t\t<\/div>\n\t\t\t\t<\/div>\n\t\t\t\t\t<\/div>\n\t\t<\/div>\n\t\t\t\t\t<\/div>\n\t\t<\/section>\n\t\t\t\t<section class=\"elementor-section elementor-top-section elementor-element elementor-element-7b26a55 elementor-section-boxed elementor-section-height-default elementor-section-height-default\" data-id=\"7b26a55\" data-element_type=\"section\" data-e-type=\"section\">\n\t\t\t\t\t\t<div class=\"elementor-container elementor-column-gap-default\">\n\t\t\t\t\t<div class=\"elementor-column elementor-col-100 elementor-top-column elementor-element elementor-element-171ceff\" data-id=\"171ceff\" data-element_type=\"column\" data-e-type=\"column\">\n\t\t\t<div class=\"elementor-widget-wrap elementor-element-populated\">\n\t\t\t\t\t\t<div class=\"elementor-element elementor-element-304d6a5 elementor-widget__width-inherit elementor-widget elementor-widget-text-editor\" data-id=\"304d6a5\" data-element_type=\"widget\" data-e-type=\"widget\" data-widget_type=\"text-editor.default\">\n\t\t\t\t<div class=\"elementor-widget-container\">\n\t\t\t\t\t\t\t\t\t<div class=\"frm_forms  with_frm_style frm_style_style-formidable\" id=\"frm_form_1_container\" >\n<form enctype=\"multipart\/form-data\" method=\"post\" class=\"frm-show-form \" id=\"form_contact-form\" >\n<div class=\"frm_form_fields \">\n<fieldset>\n<legend class=\"frm_screen_reader\">Reservations<\/legend>\r\n\r\n<div class=\"frm_fields_container\">\n<input type=\"hidden\" name=\"frm_action\" value=\"create\" \/>\n<input type=\"hidden\" name=\"form_id\" value=\"1\" \/>\n<input type=\"hidden\" name=\"frm_hide_fields_1\" id=\"frm_hide_fields_1\" value=\"\" \/>\n<input type=\"hidden\" name=\"form_key\" value=\"contact-form\" \/>\n<input type=\"hidden\" name=\"item_meta[0]\" value=\"\" \/>\n<input type=\"hidden\" id=\"frm_submit_entry_1\" name=\"frm_submit_entry_1\" value=\"73e6c0e1f3\" \/><input type=\"hidden\" name=\"_wp_http_referer\" value=\"\/index.php\/wp-json\/wp\/v2\/pages\/2420\" \/><div id=\"frm_field_35_container\" class=\"frm_form_field  frm_html_container form-field\">&nbsp;<\/p>\n<h3><strong>- Veuillez remplir les champs ci-dessous pour valider votre inscription -<br \/>\n<\/strong><\/h3>\n<\/div>\n<div id=\"frm_field_31_container\" class=\"frm_form_field form-field  frm_top_container frm_half\">\r\n\t<label for=\"field_d0aie\" id=\"field_d0aie_label\" class=\"frm_primary_label\">Vous souhaitez vous inscrire pour\r\n\t\t<span class=\"frm_required\" aria-hidden=\"true\"><\/span>\r\n\t<\/label>\r\n\t\t\t<select name=\"item_meta[31]\" id=\"field_d0aie\"  data-frmval=\"Le Soutra de confession (Soutra des trois amoncellements)\" data-invmsg=\"Vous souhaitez vous inscrire pour est non valide\" aria-invalid=\"false\"  >\n\t\t<option  value=\"Le Soutra de confession (Soutra des trois amoncellements)\" selected='selected'>Le Soutra de confession (Soutra des trois amoncellements)<\/option><option  value=\"Entra\u00eenement \u00e0 la m\u00e9ditation\">Entra\u00eenement \u00e0 la m\u00e9ditation<\/option><option  value=\"Entra\u00eenement de l&#039;esprit\">Entra\u00eenement de l&#039;esprit<\/option><option  value=\"M\u00e9ditation et \u00e9motions\">M\u00e9ditation et \u00e9motions<\/option><option  value=\"Vivre le changement int\u00e9rieur\">Vivre le changement int\u00e9rieur<\/option><option  value=\"Atelier tsa-tsa\">Atelier tsa-tsa<\/option><option  value=\"Retraite de Tchenr\u00e9zi\">Retraite de Tchenr\u00e9zi<\/option><option  value=\"Se relier \u00e0 l&#039;activit\u00e9 \/ chantier stoupa\">Se relier \u00e0 l&#039;activit\u00e9 \/ chantier stoupa<\/option><option  value=\"Un s\u00e9jour libre\">Un s\u00e9jour libre<\/option><option  value=\"Volontariat\">Volontariat<\/option><option  value=\"Une retraite individuelle\">Une retraite individuelle<\/option><option  value=\"Galette des rois\">Galette des rois<\/option><option  value=\"Gourou Yoga du XVIeme Karmapa\">Gourou Yoga du XVIeme Karmapa<\/option>\t<\/select>\n\t\r\n\t\r\n\t\r\n<\/div>\n<div id=\"frm_field_1_container\" class=\"frm_form_field form-field  frm_top_container frm6 frm_first\">\r\n    <label for=\"field_qh4icy\" id=\"field_qh4icy_label\" class=\"frm_primary_label\">Nom\r\n        <span class=\"frm_required\" aria-hidden=\"true\"><\/span>\r\n    <\/label>\r\n    <input type=\"text\" id=\"field_qh4icy\" name=\"item_meta[1]\" value=\"\"  maxlength=\"15\" data-invmsg=\"Nom est non valide\" aria-invalid=\"false\"  \/>\r\n    \r\n    \r\n<\/div>\n<div id=\"frm_field_22_container\" class=\"frm_form_field form-field  frm_top_container frm6\">\r\n    <label for=\"field_2alzk\" id=\"field_2alzk_label\" class=\"frm_primary_label\">Pr\u00e9nom\r\n        <span class=\"frm_required\" aria-hidden=\"true\"><\/span>\r\n    <\/label>\r\n    <input type=\"text\" id=\"field_2alzk\" name=\"item_meta[22]\" value=\"\"  maxlength=\"15\" data-invmsg=\"Pr\u00e9nom est non valide\" aria-invalid=\"false\"  \/>\r\n    \r\n    \r\n<\/div>\n<div id=\"frm_field_2_container\" class=\"frm_form_field form-field  frm_top_container frm6  frm8 frm_first\">\r\n    <label for=\"field_ocfup1\" id=\"field_ocfup1_label\" class=\"frm_primary_label\">Adresse\r\n        <span class=\"frm_required\" aria-hidden=\"true\"><\/span>\r\n    <\/label>\r\n    <input type=\"text\" id=\"field_ocfup1\" name=\"item_meta[2]\" value=\"\"  maxlength=\"25\" data-invmsg=\"Adresse est non valide\" aria-invalid=\"false\"  \/>\r\n    \r\n    \r\n<\/div>\n<div id=\"frm_field_27_container\" class=\"frm_form_field form-field  frm_top_container frm4\">\r\n    <label for=\"field_rqkm5\" id=\"field_rqkm5_label\" class=\"frm_primary_label\">CP et ville\r\n        <span class=\"frm_required\" aria-hidden=\"true\"><\/span>\r\n    <\/label>\r\n    <input type=\"text\" id=\"field_rqkm5\" name=\"item_meta[27]\" value=\"\"  maxlength=\"20\" data-invmsg=\"CP et ville est non valide\" aria-invalid=\"false\"  \/>\r\n    \r\n    \r\n<\/div>\n<div id=\"frm_field_33_container\" class=\"frm_form_field form-field  frm_top_container frm_third frm_fourth\">\r\n\t<label for=\"field_nemw\" id=\"field_nemw_label\" class=\"frm_primary_label\">T\u00e9l\u00e9phone\r\n\t\t<span class=\"frm_required\" aria-hidden=\"true\"><\/span>\r\n\t<\/label>\r\n\t<input type=\"tel\" id=\"field_nemw\" name=\"item_meta[33]\" value=\"\"  data-invmsg=\"T\u00e9l\u00e9phone est non valide\" aria-invalid=\"false\" pattern=\"((\\+\\d{1,3}(-|.| )?\\(?\\d\\)?(-| |.)?\\d{1,5})|(\\(?\\d{2,6}\\)?))(-|.| )?(\\d{3,4})(-|.| )?(\\d{4})(( x| ext)\\d{1,5}){0,1}$\"  \/>\r\n\t\r\n\t\r\n<\/div>\n<div id=\"frm_field_29_container\" class=\"frm_form_field form-field  frm_top_container frm6\">\r\n    <label for=\"field_aa2lx\" id=\"field_aa2lx_label\" class=\"frm_primary_label\">Email\r\n        <span class=\"frm_required\" aria-hidden=\"true\"><\/span>\r\n    <\/label>\r\n    <input type=\"email\" id=\"field_aa2lx\" name=\"item_meta[29]\" value=\"\"  data-invmsg=\"Email est non valide\" aria-invalid=\"false\"  \/>\r\n    \r\n    \r\n<\/div>\n<div id=\"frm_field_52_container\" class=\"frm_form_field form-field  frm_top_container frm_half\">\r\n\t<label for=\"field_u19pk\" id=\"field_u19pk_label\" class=\"frm_primary_label\">Vous souhaitez un h\u00e9bergement\r\n\t\t<span class=\"frm_required\" aria-hidden=\"true\"><\/span>\r\n\t<\/label>\r\n\t\t\t<select name=\"item_meta[52]\" id=\"field_u19pk\"  data-invmsg=\"Vous souhaitez un h\u00e9bergement est non valide\" aria-invalid=\"false\"  >\n\t\t<option  value=\"Non\">Non<\/option><option  value=\"Oui\">Oui<\/option>\t<\/select>\n\t\r\n\t\r\n\t\r\n<\/div>\n<div id=\"frm_field_23_container\" class=\"frm_form_field form-field  frm_top_container frm6 frm_first\">\r\n    <label for=\"field_ff6wo\" id=\"field_ff6wo_label\" class=\"frm_primary_label\">Date d'arriv\u00e9e\r\n        <span class=\"frm_required\" aria-hidden=\"true\"><\/span>\r\n    <\/label>\r\n    <input type=\"text\" id=\"field_ff6wo\" name=\"item_meta[23]\" value=\"\"  maxlength=\"20\" data-invmsg=\"Date d&#039;arriv\u00e9e est non valide\" aria-invalid=\"false\"  \/>\r\n    \r\n    \r\n<\/div>\n<div id=\"frm_field_37_container\" class=\"frm_form_field form-field  frm_top_container frm6\">\r\n    <label for=\"field_dntqt\" id=\"field_dntqt_label\" class=\"frm_primary_label\">Heure d'arriv\u00e9e\r\n        <span class=\"frm_required\" aria-hidden=\"true\"><\/span>\r\n    <\/label>\r\n    <input type=\"text\" id=\"field_dntqt\" name=\"item_meta[37]\" value=\"\"  maxlength=\"15\" data-invmsg=\"Heure d&#039;arriv\u00e9e est non valide\" aria-invalid=\"false\"  \/>\r\n    \r\n    \r\n<\/div>\n<div id=\"frm_field_38_container\" class=\"frm_form_field form-field  frm_top_container frm6 frm_first\">\r\n    <label for=\"field_c3yd4\" id=\"field_c3yd4_label\" class=\"frm_primary_label\">Date de d\u00e9part\r\n        <span class=\"frm_required\" aria-hidden=\"true\"><\/span>\r\n    <\/label>\r\n    <input type=\"text\" id=\"field_c3yd4\" name=\"item_meta[38]\" value=\"\"  maxlength=\"20\" data-invmsg=\"Date de d\u00e9part est non valide\" aria-invalid=\"false\"  \/>\r\n    \r\n    \r\n<\/div>\n<div id=\"frm_field_39_container\" class=\"frm_form_field form-field  frm_top_container frm6\">\r\n    <label for=\"field_eh7lv\" id=\"field_eh7lv_label\" class=\"frm_primary_label\">Heure de d\u00e9part\r\n        <span class=\"frm_required\" aria-hidden=\"true\"><\/span>\r\n    <\/label>\r\n    <input type=\"text\" id=\"field_eh7lv\" name=\"item_meta[39]\" value=\"\"  maxlength=\"15\" data-invmsg=\"Heure de d\u00e9part est non valide\" aria-invalid=\"false\"  \/>\r\n    \r\n    \r\n<\/div>\n<div id=\"frm_field_49_container\" class=\"frm_form_field  frm_half frm12 frm_first frm_html_container form-field\">\n<div align=\"left\"><strong>Vous vous inscrivez pour :<\/strong><\/div>\n<\/div>\n<div id=\"frm_field_41_container\" class=\"frm_form_field form-field  frm_top_container frm3 frm_first horizontal_radio\">\r\n\t<div  id=\"field_zcna3_label\" class=\"frm_primary_label\">\r\n\t\t<span class=\"frm_required\" aria-hidden=\"true\"><\/span>\r\n\t<\/div>\r\n\t<div class=\"frm_opt_container\" aria-labelledby=\"field_zcna3_label\" role=\"radiogroup\">\t\t<div class=\"frm_radio\" id=\"frm_radio_41-0\">\t\t\t<label  for=\"field_zcna3-0\">\n\t\t\t\t\t<input type=\"radio\" name=\"item_meta[41]\" id=\"field_zcna3-0\" value=\"Repas du vendredi\"\n\t\t data-invmsg=\"Ce champ est non valide\"   \/> Repas du vendredi<\/label><\/div>\n<\/div>\r\n\t\r\n\t\r\n<\/div>\n<div id=\"frm_field_47_container\" class=\"frm_form_field form-field  frm_top_container frm3 horizontal_radio\">\r\n\t<div  id=\"field_pkxrn_label\" class=\"frm_primary_label\">\r\n\t\t<span class=\"frm_required\" aria-hidden=\"true\"><\/span>\r\n\t<\/div>\r\n\t<div class=\"frm_opt_container\" aria-labelledby=\"field_pkxrn_label\" role=\"radiogroup\">\t\t<div class=\"frm_radio\" id=\"frm_radio_47-1\">\t\t\t<label  for=\"field_pkxrn-1\">\n\t\t\t\t\t<input type=\"radio\" name=\"item_meta[47]\" id=\"field_pkxrn-1\" value=\"Repas du samedi\"\n\t\t data-invmsg=\"Ce champ est non valide\"   \/> Repas du samedi<\/label><\/div>\n<\/div>\r\n\t\r\n\t\r\n<\/div>\n<div id=\"frm_field_48_container\" class=\"frm_form_field form-field  frm_top_container frm3 horizontal_radio\">\r\n\t<div  id=\"field_hoano_label\" class=\"frm_primary_label\">\r\n\t\t<span class=\"frm_required\" aria-hidden=\"true\"><\/span>\r\n\t<\/div>\r\n\t<div class=\"frm_opt_container\" aria-labelledby=\"field_hoano_label\" role=\"radiogroup\">\t\t<div class=\"frm_radio\" id=\"frm_radio_48-2\">\t\t\t<label  for=\"field_hoano-2\">\n\t\t\t\t\t<input type=\"radio\" name=\"item_meta[48]\" id=\"field_hoano-2\" value=\"Repas du dimanche\"\n\t\t data-invmsg=\"Ce champ est non valide\"   \/> Repas du dimanche<\/label><\/div>\n<\/div>\r\n\t\r\n\t\r\n<\/div>\n<div id=\"frm_field_5_container\" class=\"frm_form_field form-field  frm_top_container frm_two_thirds frm_full\">\r\n    <label for=\"field_9jv0r1\" id=\"field_9jv0r1_label\" class=\"frm_primary_label\">Remarques\r\n        <span class=\"frm_required\" aria-hidden=\"true\"><\/span>\r\n    <\/label>\r\n    <textarea name=\"item_meta[5]\" id=\"field_9jv0r1\" rows=\"2\"  data-invmsg=\"Remarques est non valide\" aria-invalid=\"false\"  ><\/textarea>\r\n    \r\n    \r\n<\/div>\n<div id=\"frm_field_42_container\" class=\"frm_form_field  frm_html_container form-field\">\n<p align=\"justify\"><span style=\"font-size: small;\">Le r\u00e8glement s\u2019effectue par ch\u00e8que ou en esp\u00e8ces. Il n\u2019y a pas de paiement possible par carte bancaire.<\/span><br \/>\n<span style=\"font-size: small;\">Afin de simplifier la gestion des stages\/retraites, il n\u2019est pas demand\u00e9 pour le moment de verser des arrhes lors de votre r\u00e9servation. <\/span><br \/>\n<span style=\"font-size: small;\">L<\/span><span style=\"font-size: small;\">e r\u00e8glement <\/span><span style=\"font-size: small;\">se fera <\/span><span style=\"font-size: small;\">\u00e0 votre arriv\u00e9e.<\/span><\/p>\n<\/div>\n<div id=\"frm_field_55_container\" class=\"frm_form_field form-field  frm_top_container\">\n\t<div  id=\"field_cw4hy_label\" class=\"frm_primary_label\">Paiement\n\t\t<span class=\"frm_required\" aria-hidden=\"true\"><\/span>\n\t<\/div>\n\t<div class=\"frm-card-element\" id=\"field_cw4hy\"><\/div>\n<div class=\"frm-card-errors frm_error\" id=\"frm_error_field_cw4hy\" role=\"alert\"><\/div>\n\n\t\n\t\n<\/div>\n<div id=\"frm_field_19_container\" class=\"frm_form_field form-field \">\r\n\t<div class=\"frm_submit\">\r\n\r\n<button class=\"frm_button_submit\" type=\"submit\"  >Envoyer<\/button>\r\n\r\n<\/div>\r\n<\/div>\n\t<input type=\"hidden\" name=\"item_key\" value=\"\" \/>\n\t\t\t<div id=\"frm_field_58_container\">\n\t\t\t<label for=\"field_urdvs\" >\n\t\t\t\tSi vous \u00eates un humain, ne remplissez pas ce champ.\t\t\t<\/label>\n\t\t\t<input  id=\"field_urdvs\" type=\"text\" class=\"frm_form_field form-field frm_verify\" name=\"item_meta[58]\" value=\"\"  \/>\n\t\t<\/div>\n\t\t<input name=\"frm_state\" type=\"hidden\" value=\"m9i1rNA0BT+xkcjOjqjcvj5fmY1FLkXCIzzqrj4DsYI=\" \/><\/div>\n<\/fieldset>\n<\/div>\n\n<\/form>\n<\/div>\n\t\t\t\t\t\t\t\t<\/div>\n\t\t\t\t<\/div>\n\t\t\t\t\t<\/div>\n\t\t<\/div>\n\t\t\t\t\t<\/div>\n\t\t<\/section>\n\t\t\t\t<section class=\"elementor-section elementor-top-section elementor-element elementor-element-7b8c7a3 elementor-section-boxed elementor-section-height-default elementor-section-height-default\" data-id=\"7b8c7a3\" data-element_type=\"section\" data-e-type=\"section\">\n\t\t\t\t\t\t<div class=\"elementor-container elementor-column-gap-default\">\n\t\t\t\t\t<div class=\"elementor-column elementor-col-100 elementor-top-column elementor-element elementor-element-f74a9e6\" data-id=\"f74a9e6\" data-element_type=\"column\" data-e-type=\"column\">\n\t\t\t<div class=\"elementor-widget-wrap elementor-element-populated\">\n\t\t\t\t\t\t<div class=\"elementor-element elementor-element-631ae53 elementor-widget elementor-widget-spacer\" data-id=\"631ae53\" data-element_type=\"widget\" data-e-type=\"widget\" data-widget_type=\"spacer.default\">\n\t\t\t\t<div class=\"elementor-widget-container\">\n\t\t\t\t\t\t\t<div class=\"elementor-spacer\">\n\t\t\t<div class=\"elementor-spacer-inner\"><\/div>\n\t\t<\/div>\n\t\t\t\t\t\t<\/div>\n\t\t\t\t<\/div>\n\t\t\t\t\t<\/div>\n\t\t<\/div>\n\t\t\t\t\t<\/div>\n\t\t<\/section>\n\t\t\t\t<\/div>\n\t\t","protected":false},"excerpt":{"rendered":"<p>R\u00e9servationsPOUR VALIDER VOTRE INSCRIPTION<\/p>\n","protected":false},"author":1,"featured_media":0,"parent":0,"menu_order":0,"comment_status":"closed","ping_status":"closed","template":"","meta":{"ocean_post_layout":"","ocean_both_sidebars_style":"","ocean_both_sidebars_content_width":0,"ocean_both_sidebars_sidebars_width":0,"ocean_sidebar":"","ocean_second_sidebar":"","ocean_disable_margins":"enable","ocean_add_body_class":"","ocean_shortcode_before_top_bar":"","ocean_shortcode_after_top_bar":"","ocean_shortcode_before_header":"","ocean_shortcode_after_header":"","ocean_has_shortcode":"","ocean_shortcode_after_title":"","ocean_shortcode_before_footer_widgets":"","ocean_shortcode_after_footer_widgets":"","ocean_shortcode_before_footer_bottom":"","ocean_shortcode_after_footer_bottom":"","ocean_display_top_bar":"default","ocean_display_header":"default","ocean_header_style":"","ocean_center_header_left_menu":"","ocean_custom_header_template":"","ocean_custom_logo":0,"ocean_custom_retina_logo":0,"ocean_custom_logo_max_width":0,"ocean_custom_logo_tablet_max_width":0,"ocean_custom_logo_mobile_max_width":0,"ocean_custom_logo_max_height":0,"ocean_custom_logo_tablet_max_height":0,"ocean_custom_logo_mobile_max_height":0,"ocean_header_custom_menu":"","ocean_menu_typo_font_family":"","ocean_menu_typo_font_subset":"","ocean_menu_typo_font_size":0,"ocean_menu_typo_font_size_tablet":0,"ocean_menu_typo_font_size_mobile":0,"ocean_menu_typo_font_size_unit":"px","ocean_menu_typo_font_weight":"","ocean_menu_typo_font_weight_tablet":"","ocean_menu_typo_font_weight_mobile":"","ocean_menu_typo_transform":"","ocean_menu_typo_transform_tablet":"","ocean_menu_typo_transform_mobile":"","ocean_menu_typo_line_height":0,"ocean_menu_typo_line_height_tablet":0,"ocean_menu_typo_line_height_mobile":0,"ocean_menu_typo_line_height_unit":"","ocean_menu_typo_spacing":0,"ocean_menu_typo_spacing_tablet":0,"ocean_menu_typo_spacing_mobile":0,"ocean_menu_typo_spacing_unit":"","ocean_menu_link_color":"","ocean_menu_link_color_hover":"","ocean_menu_link_color_active":"","ocean_menu_link_background":"","ocean_menu_link_hover_background":"","ocean_menu_link_active_background":"","ocean_menu_social_links_bg":"","ocean_menu_social_hover_links_bg":"","ocean_menu_social_links_color":"","ocean_menu_social_hover_links_color":"","ocean_disable_title":"default","ocean_disable_heading":"default","ocean_post_title":"","ocean_post_subheading":"","ocean_post_title_style":"","ocean_post_title_background_color":"","ocean_post_title_background":0,"ocean_post_title_bg_image_position":"","ocean_post_title_bg_image_attachment":"","ocean_post_title_bg_image_repeat":"","ocean_post_title_bg_image_size":"","ocean_post_title_height":0,"ocean_post_title_bg_overlay":0.5,"ocean_post_title_bg_overlay_color":"","ocean_disable_breadcrumbs":"default","ocean_breadcrumbs_color":"","ocean_breadcrumbs_separator_color":"","ocean_breadcrumbs_links_color":"","ocean_breadcrumbs_links_hover_color":"","ocean_display_footer_widgets":"default","ocean_display_footer_bottom":"default","ocean_custom_footer_template":"","ofc_enable_fullscreen":"disable","ofc_fullscreen_speed":0,"ofc_fullscreen_nav":"enable","ofc_fullscreen_nav_pos":"right","ofc_fullscreen_nav_color":"","ofc_fullscreen_nav_tooltip_color":"","ofc_fullscreen_responsive":0,"osh_disable_topbar_sticky":"default","osh_disable_header_sticky":"default","osh_sticky_header_style":"default","osh_sticky_header_effect":"","osh_custom_sticky_logo":0,"osh_custom_retina_sticky_logo":0,"osh_custom_sticky_logo_height":0,"osh_background_color":"","osh_links_color":"","osh_links_hover_color":"","osh_links_active_color":"","osh_links_bg_color":"","osh_links_hover_bg_color":"","osh_links_active_bg_color":"","osh_menu_social_links_color":"","osh_menu_social_hover_links_color":"","footnotes":""},"class_list":["post-2420","page","type-page","status-publish","hentry","entry"],"_links":{"self":[{"href":"https:\/\/www.lecotonas.org\/index.php\/wp-json\/wp\/v2\/pages\/2420","targetHints":{"allow":["GET"]}}],"collection":[{"href":"https:\/\/www.lecotonas.org\/index.php\/wp-json\/wp\/v2\/pages"}],"about":[{"href":"https:\/\/www.lecotonas.org\/index.php\/wp-json\/wp\/v2\/types\/page"}],"author":[{"embeddable":true,"href":"https:\/\/www.lecotonas.org\/index.php\/wp-json\/wp\/v2\/users\/1"}],"replies":[{"embeddable":true,"href":"https:\/\/www.lecotonas.org\/index.php\/wp-json\/wp\/v2\/comments?post=2420"}],"version-history":[{"count":15,"href":"https:\/\/www.lecotonas.org\/index.php\/wp-json\/wp\/v2\/pages\/2420\/revisions"}],"predecessor-version":[{"id":2533,"href":"https:\/\/www.lecotonas.org\/index.php\/wp-json\/wp\/v2\/pages\/2420\/revisions\/2533"}],"wp:attachment":[{"href":"https:\/\/www.lecotonas.org\/index.php\/wp-json\/wp\/v2\/media?parent=2420"}],"curies":[{"name":"wp","href":"https:\/\/api.w.org\/{rel}","templated":true}]}}